{"id":2604,"date":"2026-04-25T10:16:44","date_gmt":"2026-04-25T08:16:44","guid":{"rendered":"https:\/\/www.camping-les12cols.fr\/startseite\/"},"modified":"2026-04-25T10:16:44","modified_gmt":"2026-04-25T08:16:44","slug":"startseite","status":"publish","type":"page","link":"https:\/\/www.camping-les12cols.fr\/de\/","title":{"rendered":"Startseite"},"content":{"rendered":"","protected":false},"excerpt":{"rendered":"","protected":false},"author":1,"featured_media":0,"parent":0,"menu_order":0,"comment_status":"closed","ping_status":"closed","template":"","meta":{"footnotes":""},"class_list":["post-2604","page","type-page","status-publish","hentry"],"yoast_head":"<!-- This site is optimized with the Yoast SEO plugin v27.4 - https:\/\/yoast.com\/product\/yoast-seo-wordpress\/ -->\n<title>Fahrradcamping S\u00fcd-Jura - Camping Les 12 Cols Ain-Berge<\/title>\n<meta name=\"description\" content=\"Besuchen Sie unseren Campingplatz im Ain. Als wahre gr\u00fcne Oase ist Camping Les 12 Cols der ideale Ort f\u00fcr Ihren Natururlaub mit der Familie.\" \/>\n<meta name=\"robots\" content=\"index, follow, max-snippet:-1, max-image-preview:large, max-video-preview:-1\" \/>\n<link rel=\"canonical\" href=\"https:\/\/www.camping-les12cols.fr\/de\/\" \/>\n<meta property=\"og:locale\" content=\"de_DE\" \/>\n<meta property=\"og:type\" content=\"article\" \/>\n<meta property=\"og:title\" content=\"Fahrradcamping S\u00fcd-Jura - Camping Les 12 Cols Ain-Berge\" \/>\n<meta property=\"og:description\" content=\"Besuchen Sie unseren Campingplatz im Ain. Als wahre gr\u00fcne Oase ist Camping Les 12 Cols der ideale Ort f\u00fcr Ihren Natururlaub mit der Familie.\" \/>\n<meta property=\"og:url\" content=\"https:\/\/www.camping-les12cols.fr\/de\/\" \/>\n<meta property=\"og:site_name\" content=\"Camping Les 12 cols\" \/>\n<meta property=\"article:publisher\" content=\"https:\/\/www.facebook.com\/campingles12cols\" \/>\n<meta name=\"twitter:card\" content=\"summary_large_image\" \/>\n<!-- \/ Yoast SEO plugin. -->","yoast_head_json":{"title":"Fahrradcamping S\u00fcd-Jura - Camping Les 12 Cols Ain-Berge","description":"Besuchen Sie unseren Campingplatz im Ain. Als wahre gr\u00fcne Oase ist Camping Les 12 Cols der ideale Ort f\u00fcr Ihren Natururlaub mit der Familie.","robots":{"index":"index","follow":"follow","max-snippet":"max-snippet:-1","max-image-preview":"max-image-preview:large","max-video-preview":"max-video-preview:-1"},"canonical":"https:\/\/www.camping-les12cols.fr\/de\/","og_locale":"de_DE","og_type":"article","og_title":"Fahrradcamping S\u00fcd-Jura - Camping Les 12 Cols Ain-Berge","og_description":"Besuchen Sie unseren Campingplatz im Ain. Als wahre gr\u00fcne Oase ist Camping Les 12 Cols der ideale Ort f\u00fcr Ihren Natururlaub mit der Familie.","og_url":"https:\/\/www.camping-les12cols.fr\/de\/","og_site_name":"Camping Les 12 cols","article_publisher":"https:\/\/www.facebook.com\/campingles12cols","twitter_card":"summary_large_image","schema":{"@context":"https:\/\/schema.org","@graph":[{"@type":"WebPage","@id":"https:\/\/www.camping-les12cols.fr\/de\/","url":"https:\/\/www.camping-les12cols.fr\/de\/","name":"Fahrradcamping S\u00fcd-Jura - Camping Les 12 Cols Ain-Berge","isPartOf":{"@id":"https:\/\/www.camping-les12cols.fr\/de\/#website"},"datePublished":"2026-04-25T08:16:44+00:00","description":"Besuchen Sie unseren Campingplatz im Ain. Als wahre gr\u00fcne Oase ist Camping Les 12 Cols der ideale Ort f\u00fcr Ihren Natururlaub mit der Familie.","breadcrumb":{"@id":"https:\/\/www.camping-les12cols.fr\/de\/#breadcrumb"},"inLanguage":"de","potentialAction":[{"@type":"ReadAction","target":["https:\/\/www.camping-les12cols.fr\/de\/"]}]},{"@type":"BreadcrumbList","@id":"https:\/\/www.camping-les12cols.fr\/de\/#breadcrumb","itemListElement":[{"@type":"ListItem","position":1,"name":"Camping dans l'Ain","item":"https:\/\/www.camping-les12cols.fr\/de\/startseite\/"},{"@type":"ListItem","position":2,"name":"Startseite"}]},{"@type":"WebSite","@id":"https:\/\/www.camping-les12cols.fr\/de\/#website","url":"https:\/\/www.camping-les12cols.fr\/de\/","name":"Camping Les 12 cols","description":"","publisher":{"@id":"https:\/\/www.camping-les12cols.fr\/de\/#organization"},"potentialAction":[{"@type":"SearchAction","target":{"@type":"EntryPoint","urlTemplate":"https:\/\/www.camping-les12cols.fr\/de\/?s={search_term_string}"},"query-input":{"@type":"PropertyValueSpecification","valueRequired":true,"valueName":"search_term_string"}}],"inLanguage":"de"},{"@type":"Organization","@id":"https:\/\/www.camping-les12cols.fr\/de\/#organization","name":"Camping Les 12 cols","url":"https:\/\/www.camping-les12cols.fr\/de\/","logo":{"@type":"ImageObject","inLanguage":"de","@id":"https:\/\/www.camping-les12cols.fr\/de\/#\/schema\/logo\/image\/","url":"","contentUrl":"","caption":"Camping Les 12 cols"},"image":{"@id":"https:\/\/www.camping-les12cols.fr\/de\/#\/schema\/logo\/image\/"},"sameAs":["https:\/\/www.facebook.com\/campingles12cols","https:\/\/www.instagram.com\/campingles12cols\/"]}]}},"_links":{"self":[{"href":"https:\/\/www.camping-les12cols.fr\/de\/wp-json\/wp\/v2\/pages\/2604","targetHints":{"allow":["GET"]}}],"collection":[{"href":"https:\/\/www.camping-les12cols.fr\/de\/wp-json\/wp\/v2\/pages"}],"about":[{"href":"https:\/\/www.camping-les12cols.fr\/de\/wp-json\/wp\/v2\/types\/page"}],"author":[{"embeddable":true,"href":"https:\/\/www.camping-les12cols.fr\/de\/wp-json\/wp\/v2\/users\/1"}],"replies":[{"embeddable":true,"href":"https:\/\/www.camping-les12cols.fr\/de\/wp-json\/wp\/v2\/comments?post=2604"}],"version-history":[{"count":0,"href":"https:\/\/www.camping-les12cols.fr\/de\/wp-json\/wp\/v2\/pages\/2604\/revisions"}],"wp:attachment":[{"href":"https:\/\/www.camping-les12cols.fr\/de\/wp-json\/wp\/v2\/media?parent=2604"}],"curies":[{"name":"wp","href":"https:\/\/api.w.org\/{rel}","templated":true}]}}